{"id":344,"date":"2023-11-07T18:27:18","date_gmt":"2023-11-07T17:27:18","guid":{"rendered":"http:\/\/192.168.188.9:8080\/?page_id=344"},"modified":"2024-01-27T15:11:47","modified_gmt":"2024-01-27T14:11:47","slug":"impressum","status":"publish","type":"page","link":"https:\/\/forpusfakten.eu\/en\/impressum\/","title":{"rendered":"Site notice"},"content":{"rendered":"\t\t<div data-elementor-type=\"wp-page\" data-elementor-id=\"344\" class=\"elementor elementor-344\" data-elementor-post-type=\"page\">\n\t\t\t\t<div class=\"elementor-element elementor-element-8f26efd e-flex e-con-boxed e-con e-parent\" data-id=\"8f26efd\" data-element_type=\"container\">\n\t\t\t\t\t<div class=\"e-con-inner\">\n\t\t\t\t<div class=\"elementor-element elementor-element-9cfd49b elementor-widget elementor-widget-heading\" data-id=\"9cfd49b\" data-element_type=\"widget\" data-widget_type=\"heading.default\">\n\t\t\t\t<div class=\"elementor-widget-container\">\n\t\t\t\t\t<h2 class=\"elementor-heading-title elementor-size-default\">Offenlegung nach \u00a7 25 Mediengesetz\n<\/h2>\t\t\t\t<\/div>\n\t\t\t\t<\/div>\n\t\t\t\t\t<\/div>\n\t\t\t\t<\/div>\n\t\t<div class=\"elementor-element elementor-element-56c1545 e-flex e-con-boxed e-con e-parent\" data-id=\"56c1545\" data-element_type=\"container\">\n\t\t\t\t\t<div class=\"e-con-inner\">\n\t\t\t\t<div class=\"elementor-element elementor-element-e0d4e70 elementor-widget elementor-widget-text-editor\" data-id=\"e0d4e70\" data-element_type=\"widget\" data-widget_type=\"text-editor.default\">\n\t\t\t\t<div class=\"elementor-widget-container\">\n\t\t\t\t\t\t\t\t\t<p><strong>Medieninhaberin:<\/strong><br>Melanie Henschel<br>c\/o Autorenservice Gorischek<br>Am Rinnergrund 14\/5<br>8101 Gratkorn<br>\u00d6sterreich<br><span style=\"color: #ff0000;\"><em>Die&nbsp;o.g. Adresse ist ausschlie\u00dflich f\u00fcr Briefsendungen gedacht! Die Adresse f\u00fcr Pakete etc. bitte per E-Mail erfragen!<\/em><\/span><\/p>\n<p><strong>Kontakt:<\/strong><br>E-Mail: kontakt[at]forpusfakten.eu<\/p>\n<p><strong>Unternehmensgegenstand&nbsp;und Blattlinie:<\/strong><br>Wissensvermittlung zu Papageien (<em>Psittacidae<\/em>), insbesondere Sperlingspapageien (Genus&nbsp;<em>Forpus<\/em>), und deren artgerechter Haltung.<\/p>\t\t\t\t\t\t\t\t<\/div>\n\t\t\t\t<\/div>\n\t\t\t\t\t<\/div>\n\t\t\t\t<\/div>\n\t\t<div class=\"elementor-element elementor-element-b808642 e-flex e-con-boxed e-con e-parent\" data-id=\"b808642\" data-element_type=\"container\">\n\t\t\t\t\t<div class=\"e-con-inner\">\n\t\t\t\t<div class=\"elementor-element elementor-element-bb23a7f elementor-widget elementor-widget-heading\" data-id=\"bb23a7f\" data-element_type=\"widget\" data-widget_type=\"heading.default\">\n\t\t\t\t<div class=\"elementor-widget-container\">\n\t\t\t\t\t<h2 class=\"elementor-heading-title elementor-size-default\">Bildnachweis<\/h2>\t\t\t\t<\/div>\n\t\t\t\t<\/div>\n\t\t\t\t\t<\/div>\n\t\t\t\t<\/div>\n\t\t<div class=\"elementor-element elementor-element-d0839b2 e-flex e-con-boxed e-con e-parent\" data-id=\"d0839b2\" data-element_type=\"container\">\n\t\t\t\t\t<div class=\"e-con-inner\">\n\t\t\t\t<div class=\"elementor-element elementor-element-2620bfc elementor-widget elementor-widget-text-editor\" data-id=\"2620bfc\" data-element_type=\"widget\" data-widget_type=\"text-editor.default\">\n\t\t\t\t<div class=\"elementor-widget-container\">\n\t\t\t\t\t\t\t\t\t<p>Die Bilder, Fotos und Grafiken auf dieser Website sind urheberrechtlich gesch\u00fctzt. Die Bilderrechte liegen bei Melanie Henschel.<br>Bildautorinnen sind Melanie Henschel und Ulrike Peters.<br><\/p><p>Bilder anderer Quellen sind entsprechend gekennzeichnet.<\/p>\t\t\t\t\t\t\t\t<\/div>\n\t\t\t\t<\/div>\n\t\t\t\t\t<\/div>\n\t\t\t\t<\/div>\n\t\t<div class=\"elementor-element elementor-element-878f716 e-flex e-con-boxed e-con e-parent\" data-id=\"878f716\" data-element_type=\"container\">\n\t\t\t\t\t<div class=\"e-con-inner\">\n\t\t\t\t<div class=\"elementor-element elementor-element-a31efc6 elementor-widget elementor-widget-heading\" data-id=\"a31efc6\" data-element_type=\"widget\" data-widget_type=\"heading.default\">\n\t\t\t\t<div class=\"elementor-widget-container\">\n\t\t\t\t\t<h2 class=\"elementor-heading-title elementor-size-default\">Dieses Impressum gilt auch f\u00fcr die folgenden Social-Media-Pr\u00e4senzen und Onlineprofile<\/h2>\t\t\t\t<\/div>\n\t\t\t\t<\/div>\n\t\t\t\t\t<\/div>\n\t\t\t\t<\/div>\n\t\t<div class=\"elementor-element elementor-element-584fb62a e-flex e-con-boxed e-con e-parent\" data-id=\"584fb62a\" data-element_type=\"container\">\n\t\t\t\t\t<div class=\"e-con-inner\">\n\t\t\t\t<div class=\"elementor-element elementor-element-ecd82a1 elementor-widget elementor-widget-text-editor\" data-id=\"ecd82a1\" data-element_type=\"widget\" data-widget_type=\"text-editor.default\">\n\t\t\t\t<div class=\"elementor-widget-container\">\n\t\t\t\t\t\t\t\t\t<p>Facebook: <a href=\"https:\/\/www.facebook.com\/161583413712802\">https:\/\/www.facebook.com\/161583413712802<\/a><\/p><p>Instagram: <a href=\"https:\/\/www.instagram.com\/forpus_fakten\/\">https:\/\/www.instagram.com\/forpus_fakten\/<\/a>\u00a0<\/p><p>YouTube:\u00a0<a href=\"https:\/\/youtube.com\/@ForpusFakten?si=HNlK5UWQv03DCkmm\">https:\/\/youtube.com\/@ForpusFakten?si=HNlK5UWQv03DCkmm<\/a>\u00a0<\/p>\t\t\t\t\t\t\t\t<\/div>\n\t\t\t\t<\/div>\n\t\t\t\t\t<\/div>\n\t\t\t\t<\/div>\n\t\t\t\t<\/div>\n\t\t","protected":false},"excerpt":{"rendered":"<p>Offenlegung nach \u00a7 25 Mediengesetz Medieninhaberin:Melanie Henschelc\/o Autorenservice GorischekAm Rinnergrund 14\/58101 Gratkorn\u00d6sterreichDie&nbsp;o.g. Adresse ist ausschlie\u00dflich f\u00fcr Briefsendungen gedacht! Die Adresse f\u00fcr Pakete etc. bitte per E-Mail erfragen! Kontakt:E-Mail: kontakt[at]forpusfakten.eu Unternehmensgegenstand&nbsp;und Blattlinie:Wissensvermittlung zu Papageien (Psittacidae), insbesondere Sperlingspapageien (Genus&nbsp;Forpus), und deren artgerechter Haltung. Bildnachweis Die Bilder, Fotos und Grafiken auf dieser Website sind urheberrechtlich gesch\u00fctzt. Die Bilderrechte [&hellip;]<\/p>\n","protected":false},"author":1,"featured_media":0,"parent":0,"menu_order":0,"comment_status":"closed","ping_status":"closed","template":"","meta":{"footnotes":""},"class_list":["post-344","page","type-page","status-publish","hentry"],"yoast_head":"<!-- This site is optimized with the Yoast SEO plugin v27.4 - https:\/\/yoast.com\/product\/yoast-seo-wordpress\/ -->\n<title>Impressum - ForpusFakten<\/title>\n<meta name=\"description\" content=\"Impressum f\u00fcr die Website ForpusFakten.eu\" \/>\n<meta name=\"robots\" content=\"index, follow, max-snippet:-1, max-image-preview:large, max-video-preview:-1\" \/>\n<link rel=\"canonical\" href=\"https:\/\/forpusfakten.eu\/en\/impressum\/\" \/>\n<meta property=\"og:locale\" content=\"en_GB\" \/>\n<meta property=\"og:type\" content=\"article\" \/>\n<meta property=\"og:title\" content=\"Impressum - ForpusFakten\" \/>\n<meta property=\"og:description\" content=\"Impressum f\u00fcr die Website ForpusFakten.eu\" \/>\n<meta property=\"og:url\" content=\"https:\/\/forpusfakten.eu\/en\/impressum\/\" \/>\n<meta property=\"og:site_name\" content=\"ForpusFakten\" \/>\n<meta property=\"article:modified_time\" content=\"2024-01-27T14:11:47+00:00\" \/>\n<meta name=\"twitter:card\" content=\"summary_large_image\" \/>\n<meta name=\"twitter:label1\" content=\"Estimated reading time\" \/>\n\t<meta name=\"twitter:data1\" content=\"1 minute\" \/>\n<script type=\"application\/ld+json\" class=\"yoast-schema-graph\">{\"@context\":\"https:\\\/\\\/schema.org\",\"@graph\":[{\"@type\":\"WebPage\",\"@id\":\"https:\\\/\\\/forpusfakten.eu\\\/impressum\\\/\",\"url\":\"https:\\\/\\\/forpusfakten.eu\\\/impressum\\\/\",\"name\":\"Impressum - ForpusFakten\",\"isPartOf\":{\"@id\":\"https:\\\/\\\/forpusfakten.eu\\\/#website\"},\"datePublished\":\"2023-11-07T17:27:18+00:00\",\"dateModified\":\"2024-01-27T14:11:47+00:00\",\"description\":\"Impressum f\u00fcr die Website ForpusFakten.eu\",\"breadcrumb\":{\"@id\":\"https:\\\/\\\/forpusfakten.eu\\\/impressum\\\/#breadcrumb\"},\"inLanguage\":\"en-GB\",\"potentialAction\":[{\"@type\":\"ReadAction\",\"target\":[\"https:\\\/\\\/forpusfakten.eu\\\/impressum\\\/\"]}]},{\"@type\":\"BreadcrumbList\",\"@id\":\"https:\\\/\\\/forpusfakten.eu\\\/impressum\\\/#breadcrumb\",\"itemListElement\":[{\"@type\":\"ListItem\",\"position\":1,\"name\":\"Startseite\",\"item\":\"https:\\\/\\\/forpusfakten.eu\\\/\"},{\"@type\":\"ListItem\",\"position\":2,\"name\":\"Impressum\"}]},{\"@type\":\"WebSite\",\"@id\":\"https:\\\/\\\/forpusfakten.eu\\\/#website\",\"url\":\"https:\\\/\\\/forpusfakten.eu\\\/\",\"name\":\"ForpusFakten\",\"description\":\"... die Sperlingspapageien-Wissensbasis f\u00fcr alle vom Anf\u00e4nger bis zum Nerd!\",\"publisher\":{\"@id\":\"https:\\\/\\\/forpusfakten.eu\\\/#\\\/schema\\\/person\\\/84e08156d825226e6bf888f780d7b87a\"},\"potentialAction\":[{\"@type\":\"SearchAction\",\"target\":{\"@type\":\"EntryPoint\",\"urlTemplate\":\"https:\\\/\\\/forpusfakten.eu\\\/?s={search_term_string}\"},\"query-input\":{\"@type\":\"PropertyValueSpecification\",\"valueRequired\":true,\"valueName\":\"search_term_string\"}}],\"inLanguage\":\"en-GB\"},{\"@type\":[\"Person\",\"Organization\"],\"@id\":\"https:\\\/\\\/forpusfakten.eu\\\/#\\\/schema\\\/person\\\/84e08156d825226e6bf888f780d7b87a\",\"name\":\"Melanie\",\"image\":{\"@type\":\"ImageObject\",\"inLanguage\":\"en-GB\",\"@id\":\"https:\\\/\\\/forpusfakten.eu\\\/wp-content\\\/uploads\\\/2023\\\/11\\\/Logo-e1701282712237.jpg\",\"url\":\"https:\\\/\\\/forpusfakten.eu\\\/wp-content\\\/uploads\\\/2023\\\/11\\\/Logo-e1701282712237.jpg\",\"contentUrl\":\"https:\\\/\\\/forpusfakten.eu\\\/wp-content\\\/uploads\\\/2023\\\/11\\\/Logo-e1701282712237.jpg\",\"width\":1400,\"height\":787,\"caption\":\"Melanie\"},\"logo\":{\"@id\":\"https:\\\/\\\/forpusfakten.eu\\\/wp-content\\\/uploads\\\/2023\\\/11\\\/Logo-e1701282712237.jpg\"},\"sameAs\":[\"http:\\\/\\\/forpusfakten.eu\"]}]}<\/script>\n<!-- \/ Yoast SEO plugin. -->","yoast_head_json":{"title":"Impressum - ForpusFakten","description":"Impressum f\u00fcr die Website ForpusFakten.eu","robots":{"index":"index","follow":"follow","max-snippet":"max-snippet:-1","max-image-preview":"max-image-preview:large","max-video-preview":"max-video-preview:-1"},"canonical":"https:\/\/forpusfakten.eu\/en\/impressum\/","og_locale":"en_GB","og_type":"article","og_title":"Impressum - ForpusFakten","og_description":"Impressum f\u00fcr die Website ForpusFakten.eu","og_url":"https:\/\/forpusfakten.eu\/en\/impressum\/","og_site_name":"ForpusFakten","article_modified_time":"2024-01-27T14:11:47+00:00","twitter_card":"summary_large_image","twitter_misc":{"Estimated reading time":"1 minute"},"schema":{"@context":"https:\/\/schema.org","@graph":[{"@type":"WebPage","@id":"https:\/\/forpusfakten.eu\/impressum\/","url":"https:\/\/forpusfakten.eu\/impressum\/","name":"Impressum - ForpusFakten","isPartOf":{"@id":"https:\/\/forpusfakten.eu\/#website"},"datePublished":"2023-11-07T17:27:18+00:00","dateModified":"2024-01-27T14:11:47+00:00","description":"Impressum f\u00fcr die Website ForpusFakten.eu","breadcrumb":{"@id":"https:\/\/forpusfakten.eu\/impressum\/#breadcrumb"},"inLanguage":"en-GB","potentialAction":[{"@type":"ReadAction","target":["https:\/\/forpusfakten.eu\/impressum\/"]}]},{"@type":"BreadcrumbList","@id":"https:\/\/forpusfakten.eu\/impressum\/#breadcrumb","itemListElement":[{"@type":"ListItem","position":1,"name":"Startseite","item":"https:\/\/forpusfakten.eu\/"},{"@type":"ListItem","position":2,"name":"Impressum"}]},{"@type":"WebSite","@id":"https:\/\/forpusfakten.eu\/#website","url":"https:\/\/forpusfakten.eu\/","name":"ForpusFakten","description":"... die Sperlingspapageien-Wissensbasis f\u00fcr alle vom Anf\u00e4nger bis zum Nerd!","publisher":{"@id":"https:\/\/forpusfakten.eu\/#\/schema\/person\/84e08156d825226e6bf888f780d7b87a"},"potentialAction":[{"@type":"SearchAction","target":{"@type":"EntryPoint","urlTemplate":"https:\/\/forpusfakten.eu\/?s={search_term_string}"},"query-input":{"@type":"PropertyValueSpecification","valueRequired":true,"valueName":"search_term_string"}}],"inLanguage":"en-GB"},{"@type":["Person","Organization"],"@id":"https:\/\/forpusfakten.eu\/#\/schema\/person\/84e08156d825226e6bf888f780d7b87a","name":"Melanie","image":{"@type":"ImageObject","inLanguage":"en-GB","@id":"https:\/\/forpusfakten.eu\/wp-content\/uploads\/2023\/11\/Logo-e1701282712237.jpg","url":"https:\/\/forpusfakten.eu\/wp-content\/uploads\/2023\/11\/Logo-e1701282712237.jpg","contentUrl":"https:\/\/forpusfakten.eu\/wp-content\/uploads\/2023\/11\/Logo-e1701282712237.jpg","width":1400,"height":787,"caption":"Melanie"},"logo":{"@id":"https:\/\/forpusfakten.eu\/wp-content\/uploads\/2023\/11\/Logo-e1701282712237.jpg"},"sameAs":["http:\/\/forpusfakten.eu"]}]}},"_links":{"self":[{"href":"https:\/\/forpusfakten.eu\/en\/wp-json\/wp\/v2\/pages\/344","targetHints":{"allow":["GET"]}}],"collection":[{"href":"https:\/\/forpusfakten.eu\/en\/wp-json\/wp\/v2\/pages"}],"about":[{"href":"https:\/\/forpusfakten.eu\/en\/wp-json\/wp\/v2\/types\/page"}],"author":[{"embeddable":true,"href":"https:\/\/forpusfakten.eu\/en\/wp-json\/wp\/v2\/users\/1"}],"replies":[{"embeddable":true,"href":"https:\/\/forpusfakten.eu\/en\/wp-json\/wp\/v2\/comments?post=344"}],"version-history":[{"count":10,"href":"https:\/\/forpusfakten.eu\/en\/wp-json\/wp\/v2\/pages\/344\/revisions"}],"predecessor-version":[{"id":5003,"href":"https:\/\/forpusfakten.eu\/en\/wp-json\/wp\/v2\/pages\/344\/revisions\/5003"}],"wp:attachment":[{"href":"https:\/\/forpusfakten.eu\/en\/wp-json\/wp\/v2\/media?parent=344"}],"curies":[{"name":"wp","href":"https:\/\/api.w.org\/{rel}","templated":true}]}}